{"id":9696,"date":"2022-11-01T13:39:55","date_gmt":"2022-11-01T13:39:55","guid":{"rendered":"http:\/\/goldwings.com.tr\/?post_type=product&#038;p=9696"},"modified":"2022-11-01T14:00:17","modified_gmt":"2022-11-01T14:00:17","slug":"gold-wings-premium-coldast-solunum-sis-antioksid","status":"publish","type":"product","link":"https:\/\/goldwings.com.tr\/index.php\/urun\/gold-wings-premium-coldast-solunum-sis-antioksid\/","title":{"rendered":"Gold Wings Premium Coldast (Solunum Sis.Antioksid)"},"content":{"rendered":"\t\t<div data-elementor-type=\"wp-post\" data-elementor-id=\"9696\" class=\"elementor elementor-9696\">\n\t\t\t\t\t\t<section class=\"wd-negative-gap elementor-section elementor-top-section elementor-element elementor-element-f335c48 elementor-section-boxed elementor-section-height-default elementor-section-height-default wd-section-disabled\" data-id=\"f335c48\" data-element_type=\"section\">\n\t\t\t\t\t\t<div class=\"elementor-container elementor-column-gap-default\">\n\t\t\t\t\t<div class=\"elementor-column elementor-col-33 elementor-top-column elementor-element elementor-element-b982906\" data-id=\"b982906\" data-element_type=\"column\">\n\t\t\t<div class=\"elementor-widget-wrap elementor-element-populated\">\n\t\t\t\t\t\t<div class=\"elementor-element elementor-element-c647244 elementor-widget elementor-widget-wd_text_block\" data-id=\"c647244\" data-element_type=\"widget\" data-widget_type=\"wd_text_block.default\">\n\t\t\t\t<div class=\"elementor-widget-container\">\n\t\t\t\t\t<div class=\"wd-text-block reset-last-child text-left\">\n\t\t\t\n\t\t\t<h4><strong>Gold Wings Premium<\/strong><\/h4><p><img decoding=\"async\" class=\"wp-image-8629 alignleft\" src=\"https:\/\/goldwings.com.tr\/wp-content\/uploads\/2021\/12\/goldwings-premium-brand.png\" alt=\"\" width=\"139\" height=\"77\" srcset=\"https:\/\/goldwings.com.tr\/wp-content\/uploads\/2021\/12\/goldwings-premium-brand.png 180w, https:\/\/goldwings.com.tr\/wp-content\/uploads\/2021\/12\/goldwings-premium-brand-150x83.png 150w\" sizes=\"(max-width: 139px) 100vw, 139px\" \/>Kafes ku\u015flar\u0131 i\u00e7in s\u0131n\u0131f\u0131n\u0131n en iyisi g\u0131da ve di\u011fer ihtiya\u00e7lar\u0131n\u0131 \u00e7eyrek as\u0131rdan fazlad\u0131r \u00fcreterek hem evcil hayvanlar\u0131n hem de evcil hayvan sahiplerinin hayat\u0131na dokunuyoruz.<\/p><p>\u00dcr\u00fcnlerimizde daima en iyi malzemeleri kullanarak evcil dostlar\u0131m\u0131z\u0131n damak zevklerine uygun olacak \u015fekilde form\u00fcle ederiz. \u00c7\u00fcnk\u00fc evcil dostlar\u0131m\u0131z\u0131n en iyisini haketti\u011fini biliyoruz.<\/p><p>Gold Wings \u00fcr\u00fcnleri 12'den fazla \u00fclkenin pet shop raflar\u0131nda yerini almaktad\u0131r.<\/p>\n\t\t\t\t\t<\/div>\n\t\t\t\t<\/div>\n\t\t\t\t<\/div>\n\t\t\t\t\t<\/div>\n\t\t<\/div>\n\t\t\t\t<div class=\"elementor-column elementor-col-33 elementor-top-column elementor-element elementor-element-efcf9f4\" data-id=\"efcf9f4\" data-element_type=\"column\">\n\t\t\t<div class=\"elementor-widget-wrap elementor-element-populated\">\n\t\t\t\t\t\t<div class=\"elementor-element elementor-element-3c4ea6a elementor-widget elementor-widget-wd_text_block\" data-id=\"3c4ea6a\" data-element_type=\"widget\" data-widget_type=\"wd_text_block.default\">\n\t\t\t\t<div class=\"elementor-widget-container\">\n\t\t\t\t\t<div class=\"wd-text-block reset-last-child text-left\">\n\t\t\t\n\t\t\t<h4>\u00dcr\u00fcn A\u00e7\u0131klamas\u0131<\/h4><p>Coldast muhabbet ku\u015fu, kanarya, papa\u011fan gibi kafes ku\u015flar\u0131n\u0131n beslenmelerinde C vitamini ihtiya\u00e7lar\u0131n\u0131 kar\u015f\u0131lar. Antioksidan etkisi ile enfeksiyonlara kar\u015f\u0131 v\u00fccut direncinin geli\u015fmesine katk\u0131da bulunur. Ba\u011f\u0131\u015f\u0131kl\u0131k sisteminin g\u00fc\u00e7lenmesini sa\u011flayarak, so\u011fuk alg\u0131nl\u0131\u011f\u0131 durumunda solunum sistemlerini destekleyici aromatik bir yem katk\u0131 \u00fcr\u00fcn\u00fcd\u00fcr.<\/p><ul><li>Ba\u011f\u0131\u015f\u0131kl\u0131k Sistemi<\/li><li>Solunum Sistemi<\/li><li>Antioksidan<\/li><\/ul>\n\t\t\t\t\t<\/div>\n\t\t\t\t<\/div>\n\t\t\t\t<\/div>\n\t\t\t\t\t<\/div>\n\t\t<\/div>\n\t\t\t\t<div class=\"elementor-column elementor-col-33 elementor-top-column elementor-element elementor-element-dffdc91\" data-id=\"dffdc91\" data-element_type=\"column\">\n\t\t\t<div class=\"elementor-widget-wrap elementor-element-populated\">\n\t\t\t\t\t\t<div class=\"elementor-element elementor-element-1ade5bc elementor-widget elementor-widget-wd_text_block\" data-id=\"1ade5bc\" data-element_type=\"widget\" data-widget_type=\"wd_text_block.default\">\n\t\t\t\t<div class=\"elementor-widget-container\">\n\t\t\t\t\t<div class=\"wd-text-block reset-last-child text-left\">\n\t\t\t\n\t\t\t<h4><strong>Beslenme \u00d6nerisi<\/strong><\/h4><p>Bir ku\u015f i\u00e7in; 100 ml i\u00e7me suyuna 20 damla(1\/2 \u00e7ay ka\u015f\u0131\u011f\u0131) ilave edilir. B\u00fcy\u00fck papa\u011fanlar i\u00e7in; suluktaki 100 ml i\u00e7me suyuna 50 damla ilave edilir. (1 \u00e7ay ka\u015f\u0131\u011f\u0131). Ku\u015flar\u0131n sular\u0131 her g\u00fcn de\u011fi\u015ftirilir, Tazelenen suya tekrar uygun miktarda A-D3-E-C-K Multi Vitamin ilave edilir.<\/p><h4><strong>Saklama Ko\u015fullar\u0131<\/strong><\/h4><p>Oda s\u0131cakl\u0131\u011f\u0131nda serin, kuru ve \u0131\u015f\u0131ks\u0131z ortamda depolanmal\u0131d\u0131r.<\/p>\n\t\t\t\t\t<\/div>\n\t\t\t\t<\/div>\n\t\t\t\t<\/div>\n\t\t\t\t\t<\/div>\n\t\t<\/div>\n\t\t\t\t\t<\/div>\n\t\t<\/section>\n\t\t\t\t<\/div>\n\t\t","protected":false},"excerpt":{"rendered":"<p>Goldwings Premium Solunum sistemi destek ve antioksidan<\/p>\n","protected":false},"featured_media":9697,"comment_status":"open","ping_status":"closed","template":"","meta":[],"product_cat":[80,77,90,76,87,78,93,79,96],"product_tag":[],"class_list":{"0":"post-9696","1":"product","2":"type-product","3":"status-publish","4":"has-post-thumbnail","6":"product_cat-bulbul-saka","7":"product_cat-kanarya","8":"product_cat-ek-besinler-kanarya","9":"product_cat-muhabbet","10":"product_cat-ek-besinler","11":"product_cat-papagan","12":"product_cat-ek-besinler-papagan","13":"product_cat-paraket","14":"product_cat-ek-besinler-paraket","15":"pa_marka-goldwings-premium","17":"first","18":"instock","19":"shipping-taxable","20":"product-type-simple"},"_links":{"self":[{"href":"https:\/\/goldwings.com.tr\/index.php\/wp-json\/wp\/v2\/product\/9696"}],"collection":[{"href":"https:\/\/goldwings.com.tr\/index.php\/wp-json\/wp\/v2\/product"}],"about":[{"href":"https:\/\/goldwings.com.tr\/index.php\/wp-json\/wp\/v2\/types\/product"}],"replies":[{"embeddable":true,"href":"https:\/\/goldwings.com.tr\/index.php\/wp-json\/wp\/v2\/comments?post=9696"}],"version-history":[{"count":5,"href":"https:\/\/goldwings.com.tr\/index.php\/wp-json\/wp\/v2\/product\/9696\/revisions"}],"predecessor-version":[{"id":9724,"href":"https:\/\/goldwings.com.tr\/index.php\/wp-json\/wp\/v2\/product\/9696\/revisions\/9724"}],"wp:featuredmedia":[{"embeddable":true,"href":"https:\/\/goldwings.com.tr\/index.php\/wp-json\/wp\/v2\/media\/9697"}],"wp:attachment":[{"href":"https:\/\/goldwings.com.tr\/index.php\/wp-json\/wp\/v2\/media?parent=9696"}],"wp:term":[{"taxonomy":"product_cat","embeddable":true,"href":"https:\/\/goldwings.com.tr\/index.php\/wp-json\/wp\/v2\/product_cat?post=9696"},{"taxonomy":"product_tag","embeddable":true,"href":"https:\/\/goldwings.com.tr\/index.php\/wp-json\/wp\/v2\/product_tag?post=9696"}],"curies":[{"name":"wp","href":"https:\/\/api.w.org\/{rel}","templated":true}]}}