{"id":9160,"date":"2021-12-21T08:50:54","date_gmt":"2021-12-21T08:50:54","guid":{"rendered":"http:\/\/goldwings.com.tr\/?post_type=product&#038;p=9160"},"modified":"2021-12-23T09:33:27","modified_gmt":"2021-12-23T09:33:27","slug":"gold-wings-the-best-muhabbet-yemi","status":"publish","type":"product","link":"https:\/\/goldwings.com.tr\/index.php\/urun\/gold-wings-the-best-muhabbet-yemi\/","title":{"rendered":"Gold Wings The Best Muhabbet Yemi"},"content":{"rendered":"\t\t<div data-elementor-type=\"wp-post\" data-elementor-id=\"9160\" class=\"elementor elementor-9160\">\n\t\t\t\t\t\t<section class=\"wd-negative-gap elementor-section elementor-top-section elementor-element elementor-element-f335c48 elementor-section-boxed elementor-section-height-default elementor-section-height-default wd-section-disabled\" data-id=\"f335c48\" data-element_type=\"section\">\n\t\t\t\t\t\t<div class=\"elementor-container elementor-column-gap-default\">\n\t\t\t\t\t<div class=\"elementor-column elementor-col-33 elementor-top-column elementor-element elementor-element-b982906\" data-id=\"b982906\" data-element_type=\"column\">\n\t\t\t<div class=\"elementor-widget-wrap elementor-element-populated\">\n\t\t\t\t\t\t<div class=\"elementor-element elementor-element-c647244 elementor-widget elementor-widget-wd_text_block\" data-id=\"c647244\" data-element_type=\"widget\" data-widget_type=\"wd_text_block.default\">\n\t\t\t\t<div class=\"elementor-widget-container\">\n\t\t\t\t\t<div class=\"wd-text-block reset-last-child text-left\">\n\t\t\t\n\t\t\t<h4><strong>Gold Wings The Best<\/strong><\/h4><p><img decoding=\"async\" class=\"wp-image-8631 alignleft\" src=\"https:\/\/goldwings.com.tr\/wp-content\/uploads\/2021\/12\/the-best-brand.png\" alt=\"\" width=\"130\" height=\"72\" srcset=\"https:\/\/goldwings.com.tr\/wp-content\/uploads\/2021\/12\/the-best-brand.png 180w, https:\/\/goldwings.com.tr\/wp-content\/uploads\/2021\/12\/the-best-brand-150x83.png 150w\" sizes=\"(max-width: 130px) 100vw, 130px\" \/>Evcil kafes ku\u015flar\u0131n\u0131n tam ve eksiksiz beslenebilmesi i\u00e7in taze ve en \u00fcst kalitedeki yemlerin do\u011fru form\u00fclasyon ile beraber \u00f6zenle haz\u0131rlanmas\u0131 sonucu elde edilen \u00f6zel seri The Best.<\/p><p>Her evcil hayvan\u0131n \u00f6zel oldu\u011fu gibi ihtiya\u00e7lar\u0131n\u0131nda \u00f6zel oldu\u011fu bilinciyle hareket ediyoruz. Evcil kafes ku\u015flar\u0131 i\u00e7in ger\u00e7ek bir beslenme deneyimi sunmak ve sa\u011fl\u0131kl\u0131 bir ya\u015fama katk\u0131da bulunmak en \u00f6nemli misyonumuz. Bu misyonun en \u00f6nemli ad\u0131m\u0131 her cinsin kendi ba\u015f\u0131na beslenme al\u0131\u015fkanl\u0131klar\u0131 oldu\u011fu ve bu beslenme al\u0131\u015fkanl\u0131klar\u0131na oranla dostlar\u0131m\u0131za en se\u00e7kin ve taze tohumlardan elde edilen damak zevklerine uygun yemleri sunmak oldu\u011funa inan\u0131yoruz.<\/p>\n\t\t\t\t\t<\/div>\n\t\t\t\t<\/div>\n\t\t\t\t<\/div>\n\t\t\t\t\t<\/div>\n\t\t<\/div>\n\t\t\t\t<div class=\"elementor-column elementor-col-33 elementor-top-column elementor-element elementor-element-efcf9f4\" data-id=\"efcf9f4\" data-element_type=\"column\">\n\t\t\t<div class=\"elementor-widget-wrap elementor-element-populated\">\n\t\t\t\t\t\t<div class=\"elementor-element elementor-element-3c4ea6a elementor-widget elementor-widget-wd_text_block\" data-id=\"3c4ea6a\" data-element_type=\"widget\" data-widget_type=\"wd_text_block.default\">\n\t\t\t\t<div class=\"elementor-widget-container\">\n\t\t\t\t\t<div class=\"wd-text-block reset-last-child text-left\">\n\t\t\t\n\t\t\t<h4>\u00dcr\u00fcn A\u00e7\u0131klamas\u0131<\/h4><p>Muhabbet ku\u015flar\u0131n\u0131n do\u011fal beslenme al\u0131\u015fkanl\u0131klar\u0131 ve damak zevkleri dikkate al\u0131narak \u00f6zenle form\u00fcle edilmi\u015f tam yemdir. <\/p><p>\u0130\u00e7eri\u011finde kullan\u0131lan \u00f6zel tah\u0131l ve bile\u015fenler ile ku\u015flar\u0131n sa\u011fl\u0131kl\u0131 t\u00fcy ve kas yap\u0131s\u0131na sahip olmas\u0131n\u0131 destekler.<\/p><ul class=\"unordered-list\"><li>\u00dcst kalite tohum kar\u0131\u015f\u0131m\u0131<\/li><li>Bal ve yumurta katk\u0131l\u0131<\/li><li>Sa\u011fl\u0131kl\u0131 ve parlak t\u00fcyler&nbsp;<\/li><li>G\u00fc\u00e7l\u00fc  kas yap\u0131s\u0131<\/li><\/ul>\n\t\t\t\t\t<\/div>\n\t\t\t\t<\/div>\n\t\t\t\t<\/div>\n\t\t\t\t\t<\/div>\n\t\t<\/div>\n\t\t\t\t<div class=\"elementor-column elementor-col-33 elementor-top-column elementor-element elementor-element-dffdc91\" data-id=\"dffdc91\" data-element_type=\"column\">\n\t\t\t<div class=\"elementor-widget-wrap elementor-element-populated\">\n\t\t\t\t\t\t<div class=\"elementor-element elementor-element-1ade5bc elementor-widget elementor-widget-wd_text_block\" data-id=\"1ade5bc\" data-element_type=\"widget\" data-widget_type=\"wd_text_block.default\">\n\t\t\t\t<div class=\"elementor-widget-container\">\n\t\t\t\t\t<div class=\"wd-text-block reset-last-child text-left\">\n\t\t\t\n\t\t\t<h4>\u0130\u00e7indekiler<\/h4><p>Sar\u0131 dar\u0131, Beyaz dar\u0131, Japon dar\u0131s\u0131, Kanarya yemi, Soyulmu\u015f yulaf, Nijer, Kenevir, Yumurta mamas\u0131, Bal, Dal dar\u0131, Ay \u00e7ekirdek ya\u011f\u0131, Keten Tohumu<\/p><h4><strong>Beslenme \u00d6nerisi<\/strong><\/h4><p>Ku\u015flar\u0131n yemliklerine konulmak suretiyle verilir. Ku\u015f yemliklerinin her g\u00fcn yemlikte kalan kabuklar\u0131n\u0131n temizlenmesi \u00f6nemlidir. Yeni yem konulmas\u0131 durumunda eski yem yenisi ile de\u011fi\u015ftirilmelidir. Kafesinde daima taze ve temiz su bulundurunuz.<\/p><h4><strong>Saklama Ko\u015fullar\u0131<\/strong><\/h4><p>Serin ve kuru yerde saklay\u0131n\u0131z. Son t\u00fcketim tarihine kadar t\u00fcketilmelidir. \u00d6zel ambalajlama tekni\u011fi ve malzemeleri ile son t\u00fcketim tarihine kadar tazeli\u011fini korur.<\/p>\n\t\t\t\t\t<\/div>\n\t\t\t\t<\/div>\n\t\t\t\t<\/div>\n\t\t\t\t\t<\/div>\n\t\t<\/div>\n\t\t\t\t\t<\/div>\n\t\t<\/section>\n\t\t\t\t<\/div>\n\t\t","protected":false},"excerpt":{"rendered":"<p>Muhabbet ku\u015flar\u0131n\u0131n tam ve eksiksiz beslenebilmesi i\u00e7in en kaliteli tohum ve tah\u0131llardan olu\u015fan yem kar\u0131\u015f\u0131m\u0131.<\/p>\n","protected":false},"featured_media":9161,"comment_status":"open","ping_status":"closed","template":"","meta":[],"product_cat":[76,85],"product_tag":[],"class_list":{"0":"post-9160","1":"product","2":"type-product","3":"status-publish","4":"has-post-thumbnail","6":"product_cat-muhabbet","7":"product_cat-yemler","8":"pa_marka-goldwings-the-best","10":"first","11":"instock","12":"shipping-taxable","13":"product-type-simple"},"_links":{"self":[{"href":"https:\/\/goldwings.com.tr\/index.php\/wp-json\/wp\/v2\/product\/9160"}],"collection":[{"href":"https:\/\/goldwings.com.tr\/index.php\/wp-json\/wp\/v2\/product"}],"about":[{"href":"https:\/\/goldwings.com.tr\/index.php\/wp-json\/wp\/v2\/types\/product"}],"replies":[{"embeddable":true,"href":"https:\/\/goldwings.com.tr\/index.php\/wp-json\/wp\/v2\/comments?post=9160"}],"version-history":[{"count":14,"href":"https:\/\/goldwings.com.tr\/index.php\/wp-json\/wp\/v2\/product\/9160\/revisions"}],"predecessor-version":[{"id":9321,"href":"https:\/\/goldwings.com.tr\/index.php\/wp-json\/wp\/v2\/product\/9160\/revisions\/9321"}],"wp:featuredmedia":[{"embeddable":true,"href":"https:\/\/goldwings.com.tr\/index.php\/wp-json\/wp\/v2\/media\/9161"}],"wp:attachment":[{"href":"https:\/\/goldwings.com.tr\/index.php\/wp-json\/wp\/v2\/media?parent=9160"}],"wp:term":[{"taxonomy":"product_cat","embeddable":true,"href":"https:\/\/goldwings.com.tr\/index.php\/wp-json\/wp\/v2\/product_cat?post=9160"},{"taxonomy":"product_tag","embeddable":true,"href":"https:\/\/goldwings.com.tr\/index.php\/wp-json\/wp\/v2\/product_tag?post=9160"}],"curies":[{"name":"wp","href":"https:\/\/api.w.org\/{rel}","templated":true}]}}