{"id":9073,"date":"2021-12-20T09:21:30","date_gmt":"2021-12-20T09:21:30","guid":{"rendered":"http:\/\/goldwings.com.tr\/?post_type=product&#038;p=9073"},"modified":"2021-12-23T09:23:49","modified_gmt":"2021-12-23T09:23:49","slug":"gold-wings-premium-elle-besleme-siringa-mamasi","status":"publish","type":"product","link":"https:\/\/goldwings.com.tr\/index.php\/urun\/gold-wings-premium-elle-besleme-siringa-mamasi\/","title":{"rendered":"Gold Wings Premium Elle Besleme \u015e\u0131r\u0131nga Mamas\u0131"},"content":{"rendered":"\t\t<div data-elementor-type=\"wp-post\" data-elementor-id=\"9073\" class=\"elementor elementor-9073\">\n\t\t\t\t\t\t<section class=\"wd-negative-gap elementor-section elementor-top-section elementor-element elementor-element-f335c48 elementor-section-boxed elementor-section-height-default elementor-section-height-default wd-section-disabled\" data-id=\"f335c48\" data-element_type=\"section\">\n\t\t\t\t\t\t<div class=\"elementor-container elementor-column-gap-default\">\n\t\t\t\t\t<div class=\"elementor-column elementor-col-33 elementor-top-column elementor-element elementor-element-b982906\" data-id=\"b982906\" data-element_type=\"column\">\n\t\t\t<div class=\"elementor-widget-wrap elementor-element-populated\">\n\t\t\t\t\t\t<div class=\"elementor-element elementor-element-c647244 elementor-widget elementor-widget-wd_text_block\" data-id=\"c647244\" data-element_type=\"widget\" data-widget_type=\"wd_text_block.default\">\n\t\t\t\t<div class=\"elementor-widget-container\">\n\t\t\t\t\t<div class=\"wd-text-block reset-last-child text-left\">\n\t\t\t\n\t\t\t<h4><strong>Gold Wings Premium<\/strong><\/h4><p><img decoding=\"async\" class=\"wp-image-8629 alignleft\" src=\"https:\/\/goldwings.com.tr\/wp-content\/uploads\/2021\/12\/goldwings-premium-brand.png\" alt=\"\" width=\"139\" height=\"77\" srcset=\"https:\/\/goldwings.com.tr\/wp-content\/uploads\/2021\/12\/goldwings-premium-brand.png 180w, https:\/\/goldwings.com.tr\/wp-content\/uploads\/2021\/12\/goldwings-premium-brand-150x83.png 150w\" sizes=\"(max-width: 139px) 100vw, 139px\" \/>Kafes ku\u015flar\u0131 i\u00e7in s\u0131n\u0131f\u0131n\u0131n en iyisi g\u0131da ve di\u011fer ihtiya\u00e7lar\u0131n\u0131 \u00e7eyrek as\u0131rdan fazlad\u0131r \u00fcreterek hem evcil hayvanlar\u0131n hem de evcil hayvan sahiplerinin hayat\u0131na dokunuyoruz.<\/p><p>\u00dcr\u00fcnlerimizde daima en iyi malzemeleri kullanarak evcil dostlar\u0131m\u0131z\u0131n damak zevklerine uygun olacak \u015fekilde form\u00fcle ederiz. \u00c7\u00fcnk\u00fc evcil dostlar\u0131m\u0131z\u0131n en iyisini haketti\u011fini biliyoruz.<\/p><p>Gold Wings \u00fcr\u00fcnleri 12'den fazla \u00fclkenin pet shop raflar\u0131nda yerini almaktad\u0131r.<\/p>\n\t\t\t\t\t<\/div>\n\t\t\t\t<\/div>\n\t\t\t\t<\/div>\n\t\t\t\t\t<\/div>\n\t\t<\/div>\n\t\t\t\t<div class=\"elementor-column elementor-col-33 elementor-top-column elementor-element elementor-element-efcf9f4\" data-id=\"efcf9f4\" data-element_type=\"column\">\n\t\t\t<div class=\"elementor-widget-wrap elementor-element-populated\">\n\t\t\t\t\t\t<div class=\"elementor-element elementor-element-3c4ea6a elementor-widget elementor-widget-wd_text_block\" data-id=\"3c4ea6a\" data-element_type=\"widget\" data-widget_type=\"wd_text_block.default\">\n\t\t\t\t<div class=\"elementor-widget-container\">\n\t\t\t\t\t<div class=\"wd-text-block reset-last-child text-left\">\n\t\t\t\n\t\t\t<h4>\u00dcr\u00fcn A\u00e7\u0131klamas\u0131<\/h4><p>Sevdi\u011fimiz ve de\u011fer verdi\u011fimiz muhabbet<span style=\"font-size: 14px; color: var(--wd-text-color);\"> ku\u015flar\u0131m\u0131z\u0131n en iyi \u015fekilde beslenmesi gerekti\u011fine inan\u0131yoruz. Bu nedenle beslenmelerini zenginle\u015ftirebilmek i\u00e7in ek besin ve krakerlere \u00e7ok \u00f6nem veriyoruz.<\/span><\/p><p>Yavru muhabbet ku\u015flar\u0131n\u0131n ve hasta ku\u015flar\u0131n ihtiya\u00e7 duydu\u011fu besinleri i\u00e7erir.\u00a0\u00a0<\/p><ul class=\"unordered-list\"><li>Besleyici i\u00e7erik<\/li><li>Kolay sindirim<\/li><li>Sa\u011fl\u0131kl\u0131 ve parlak t\u00fcyler\u00a0<\/li><li>Maksimum Tazelik<\/li><\/ul><h4 style=\"margin-bottom: var(--wd-tags-mb); font-style: normal; font-variant-ligatures: normal; font-variant-caps: normal; font-weight: var(--wd-title-font-weight); font-family: Cabin, Arial, Helvetica, sans-serif; text-transform: none;\"><span style=\"font-weight: 600; font-size: 18px;\">Saklama Ko\u015fullar\u0131<\/span><\/h4><p><span style=\"font-family: Cabin, Arial, Helvetica, sans-serif; font-size: 14px; font-style: normal; font-variant-ligatures: normal; font-variant-caps: normal; font-weight: 400; color: var(--wd-text-color);\">Serin ve kuru yerde saklay\u0131n\u0131z. Son t\u00fcketim tarihine kadar t\u00fcketilmelidir. \u00d6zel ambalajlama tekni\u011fi ve malzemeleri ile son t\u00fcketim tarihine kadar tazeli\u011fini korur.<\/span><\/p>\n\t\t\t\t\t<\/div>\n\t\t\t\t<\/div>\n\t\t\t\t<\/div>\n\t\t\t\t\t<\/div>\n\t\t<\/div>\n\t\t\t\t<div class=\"elementor-column elementor-col-33 elementor-top-column elementor-element elementor-element-dffdc91\" data-id=\"dffdc91\" data-element_type=\"column\">\n\t\t\t<div class=\"elementor-widget-wrap elementor-element-populated\">\n\t\t\t\t\t\t<div class=\"elementor-element elementor-element-1ade5bc elementor-widget elementor-widget-wd_text_block\" data-id=\"1ade5bc\" data-element_type=\"widget\" data-widget_type=\"wd_text_block.default\">\n\t\t\t\t<div class=\"elementor-widget-container\">\n\t\t\t\t\t<div class=\"wd-text-block reset-last-child text-left\">\n\t\t\t\n\t\t\t<h4>\u0130\u00e7indekiler<\/h4><p>M\u0131s\u0131r, Ni\u015fasta, M\u0131s\u0131r unu, Methionin, Lysine, Bitkisel ve hayvansal proteinler, Aminoasitler, Vitamin kompleksi, Bacillus subtilis DSM5750, Bacillus licheniformis, DSM5749 Mos+Fos<\/p><h4><strong>Beslenme \u00d6nerisi<\/strong><\/h4><p>Bir kab\u0131n i\u00e7erisine a\u015fa\u011f\u0131daki tabloya uyarak elle besleme mamas\u0131 ve s\u0131cak su kar\u0131\u015ft\u0131r\u0131n\u0131z. Kar\u0131\u015ft\u0131rma i\u015fleminden sonra mama \u0131l\u0131k hale gelene kadar bekleyiniz. Ku\u015flar\u0131n\u0131za mamay\u0131 elle beslenme \u015f\u0131r\u0131ngas\u0131 kullanarak vermelisiniz.<\/p><table width=\"197\"><tbody><tr><td width=\"79\">G\u00fcn<\/td><td width=\"59\">Mama<\/td><td width=\"59\">S\u0131cak Su<\/td><\/tr><tr><td>0-2 G\u00fcn<\/td><td>1 \u00d6l\u00e7ek<\/td><td>5 \u00d6l\u00e7ek<\/td><\/tr><tr><td>2-3 G\u00fcn<\/td><td>1 \u00d6l\u00e7ek<\/td><td>4 \u00d6l\u00e7ek<\/td><\/tr><tr><td>3-4 G\u00fcn<\/td><td>1 \u00d6l\u00e7ek<\/td><td>3 \u00d6l\u00e7ek<\/td><\/tr><tr><td>4-5 G\u00fcn<\/td><td>1 \u00d6l\u00e7ek<\/td><td>2 \u00d6l\u00e7ek<\/td><\/tr><tr><td>5 G\u00fcn<\/td><td>1 \u00d6l\u00e7ek<\/td><td>1-1.5 \u00d6l\u00e7ek<\/td><\/tr><\/tbody><\/table><h4>\u00a0<\/h4>\n\t\t\t\t\t<\/div>\n\t\t\t\t<\/div>\n\t\t\t\t<\/div>\n\t\t\t\t\t<\/div>\n\t\t<\/div>\n\t\t\t\t\t<\/div>\n\t\t<\/section>\n\t\t\t\t<\/div>\n\t\t","protected":false},"excerpt":{"rendered":"<p>Yavru muhabbet ku\u015flar\u0131na ve hasta ku\u015flara \u015f\u0131r\u0131nga ile verebilece\u011finiz zengin i\u00e7erikli mama.<\/p>\n","protected":false},"featured_media":9074,"comment_status":"open","ping_status":"closed","template":"","meta":[],"product_cat":[76,87],"product_tag":[],"class_list":{"0":"post-9073","1":"product","2":"type-product","3":"status-publish","4":"has-post-thumbnail","6":"product_cat-muhabbet","7":"product_cat-ek-besinler","8":"pa_marka-goldwings-premium","10":"first","11":"instock","12":"shipping-taxable","13":"product-type-simple"},"_links":{"self":[{"href":"https:\/\/goldwings.com.tr\/index.php\/wp-json\/wp\/v2\/product\/9073"}],"collection":[{"href":"https:\/\/goldwings.com.tr\/index.php\/wp-json\/wp\/v2\/product"}],"about":[{"href":"https:\/\/goldwings.com.tr\/index.php\/wp-json\/wp\/v2\/types\/product"}],"replies":[{"embeddable":true,"href":"https:\/\/goldwings.com.tr\/index.php\/wp-json\/wp\/v2\/comments?post=9073"}],"version-history":[{"count":5,"href":"https:\/\/goldwings.com.tr\/index.php\/wp-json\/wp\/v2\/product\/9073\/revisions"}],"predecessor-version":[{"id":9309,"href":"https:\/\/goldwings.com.tr\/index.php\/wp-json\/wp\/v2\/product\/9073\/revisions\/9309"}],"wp:featuredmedia":[{"embeddable":true,"href":"https:\/\/goldwings.com.tr\/index.php\/wp-json\/wp\/v2\/media\/9074"}],"wp:attachment":[{"href":"https:\/\/goldwings.com.tr\/index.php\/wp-json\/wp\/v2\/media?parent=9073"}],"wp:term":[{"taxonomy":"product_cat","embeddable":true,"href":"https:\/\/goldwings.com.tr\/index.php\/wp-json\/wp\/v2\/product_cat?post=9073"},{"taxonomy":"product_tag","embeddable":true,"href":"https:\/\/goldwings.com.tr\/index.php\/wp-json\/wp\/v2\/product_tag?post=9073"}],"curies":[{"name":"wp","href":"https:\/\/api.w.org\/{rel}","templated":true}]}}