{"id":8787,"date":"2021-12-14T14:28:33","date_gmt":"2021-12-14T14:28:33","guid":{"rendered":"http:\/\/goldwings.com.tr\/?post_type=product&#038;p=8787"},"modified":"2021-12-23T07:59:53","modified_gmt":"2021-12-23T07:59:53","slug":"gold-wings-balli-yumurtali-kanarya-krakeri-2li","status":"publish","type":"product","link":"https:\/\/goldwings.com.tr\/index.php\/urun\/gold-wings-balli-yumurtali-kanarya-krakeri-2li\/","title":{"rendered":"Gold Wings Classic Ball\u0131-Yumurtal\u0131 Kanarya Krakeri 2&#8217;li"},"content":{"rendered":"\t\t<div data-elementor-type=\"wp-post\" data-elementor-id=\"8787\" class=\"elementor elementor-8787\">\n\t\t\t\t\t\t<section class=\"wd-negative-gap elementor-section elementor-top-section elementor-element elementor-element-f335c48 elementor-section-boxed elementor-section-height-default elementor-section-height-default wd-section-disabled\" data-id=\"f335c48\" data-element_type=\"section\">\n\t\t\t\t\t\t<div class=\"elementor-container elementor-column-gap-default\">\n\t\t\t\t\t<div class=\"elementor-column elementor-col-33 elementor-top-column elementor-element elementor-element-b982906\" data-id=\"b982906\" data-element_type=\"column\">\n\t\t\t<div class=\"elementor-widget-wrap elementor-element-populated\">\n\t\t\t\t\t\t<div class=\"elementor-element elementor-element-c647244 elementor-widget elementor-widget-wd_text_block\" data-id=\"c647244\" data-element_type=\"widget\" data-widget_type=\"wd_text_block.default\">\n\t\t\t\t<div class=\"elementor-widget-container\">\n\t\t\t\t\t<div class=\"wd-text-block reset-last-child text-left\">\n\t\t\t\n\t\t\t<h4><strong>Gold Wings Classic<\/strong><\/h4><p><img decoding=\"async\" class=\"wp-image-8630 alignleft\" src=\"https:\/\/goldwings.com.tr\/wp-content\/uploads\/2021\/12\/goldwings-classic-brand.png\" alt=\"\" width=\"145\" height=\"81\" srcset=\"https:\/\/goldwings.com.tr\/wp-content\/uploads\/2021\/12\/goldwings-classic-brand.png 180w, https:\/\/goldwings.com.tr\/wp-content\/uploads\/2021\/12\/goldwings-classic-brand-150x83.png 150w\" sizes=\"(max-width: 145px) 100vw, 145px\" \/>Kafes ku\u015flar\u0131 i\u00e7in s\u0131n\u0131f\u0131n\u0131n en iyisi g\u0131da ve di\u011fer ihtiya\u00e7lar\u0131n\u0131 \u00e7eyrek as\u0131rdan fazlad\u0131r \u00fcreterek hem evcil hayvanlar\u0131n hemde evcil hayvan sahiplerinin hayat\u0131na dokunuyoruz.<\/p><p>\u00dcr\u00fcnlerimizde daima en iyi malzemeleri kullanarak evcil dostlar\u0131m\u0131z\u0131n damak zevklerine uygun olacak \u015fekilde form\u00fcle ederiz. \u00c7\u00fcnk\u00fc evcil dostlar\u0131m\u0131z\u0131n en iyisini haketti\u011fini biliyoruz.<\/p><p>Gold Wings \u00fcr\u00fcnleri 12'den fazla \u00fclkenin pet shop raflar\u0131nda yerini almaktad\u0131r.<\/p>\n\t\t\t\t\t<\/div>\n\t\t\t\t<\/div>\n\t\t\t\t<\/div>\n\t\t\t\t\t<\/div>\n\t\t<\/div>\n\t\t\t\t<div class=\"elementor-column elementor-col-33 elementor-top-column elementor-element elementor-element-efcf9f4\" data-id=\"efcf9f4\" data-element_type=\"column\">\n\t\t\t<div class=\"elementor-widget-wrap elementor-element-populated\">\n\t\t\t\t\t\t<div class=\"elementor-element elementor-element-3c4ea6a elementor-widget elementor-widget-wd_text_block\" data-id=\"3c4ea6a\" data-element_type=\"widget\" data-widget_type=\"wd_text_block.default\">\n\t\t\t\t<div class=\"elementor-widget-container\">\n\t\t\t\t\t<div class=\"wd-text-block reset-last-child text-left\">\n\t\t\t\n\t\t\t<h4>\u00dcr\u00fcn A\u00e7\u0131klamas\u0131<\/h4><p>Sevdi\u011fimiz ve de\u011fer verdi\u011fimiz muhabbet ku\u015flar\u0131m\u0131z\u0131n en iyi \u015fekilde beslenmesi gerekti\u011fine inan\u0131yoruz. Bu nedenle en kaliteli tohum ve tah\u0131llar hassas bir \u015fekilde se\u00e7ilerek beslenme uzmanlar\u0131 taraf\u0131ndan \u00f6zenle form\u00fcle edildi.<\/p><p>Muhabbet ku\u015flar\u0131 i\u00e7in \u00f6zel olarak haz\u0131rlanm\u0131\u015f, severek yedikleri, i\u00e7eri\u011finde bol meyve bulunan \u00e7ubuk \u015feklinde krakerdir. Dostlar\u0131m\u0131z\u0131n ihtiya\u00e7 duyduklar\u0131 besinleri tam ve dengeli bir \u015fekilde i\u00e7erir. \u00d6d\u00fcl olarak verilebilir. D\u00fczenli kullan\u0131mda ald\u0131\u011f\u0131 vitamin ve minerallerle birlikte ku\u015flar\u0131n sa\u011fl\u0131kl\u0131 bir gaga yap\u0131s\u0131na kavu\u015fmas\u0131na katk\u0131da bulunur.<\/p><ul class=\"unordered-list\"><li>Vitamin<\/li><li>Besleyici<\/li><li>Maksimum Tazelik<\/li><\/ul>\n\t\t\t\t\t<\/div>\n\t\t\t\t<\/div>\n\t\t\t\t<\/div>\n\t\t\t\t\t<\/div>\n\t\t<\/div>\n\t\t\t\t<div class=\"elementor-column elementor-col-33 elementor-top-column elementor-element elementor-element-dffdc91\" data-id=\"dffdc91\" data-element_type=\"column\">\n\t\t\t<div class=\"elementor-widget-wrap elementor-element-populated\">\n\t\t\t\t\t\t<div class=\"elementor-element elementor-element-1ade5bc elementor-widget elementor-widget-wd_text_block\" data-id=\"1ade5bc\" data-element_type=\"widget\" data-widget_type=\"wd_text_block.default\">\n\t\t\t\t<div class=\"elementor-widget-container\">\n\t\t\t\t\t<div class=\"wd-text-block reset-last-child text-left\">\n\t\t\t\n\t\t\t<h4>\u0130\u00e7indekiler<\/h4><p>Kanarya Yemi, Keten Tohumu, Bal, Yumurta<\/p><h4><strong>Beslenme \u00d6nerisi<\/strong><\/h4><p>Kafesin teline tak\u0131larak ku\u015flar\u0131n yemesi sa\u011flan\u0131r. Ku\u015flar\u0131n\u0131z\u0131n dengeli ve yeterli beslenebilmesi i\u00e7in gerekli olan gaga ta\u015f\u0131, ku\u015f kumu ve mineral blok gibi ek besinleri mutlaka kullan\u0131n\u0131z. Kafesinde daima taze ve temiz su bulundurunuz.<br><\/p><h4><strong>Saklama Ko\u015fullar\u0131<\/strong><\/h4><p>Serin ve kuru yerde saklay\u0131n\u0131z. Son t\u00fcketim tarihine kadar t\u00fcketilmelidir. \u00d6zel ambalajlama tekni\u011fi ve malzemeleri ile son t\u00fcketim tarihine kadar tazeli\u011fini korur.<\/p>\n\t\t\t\t\t<\/div>\n\t\t\t\t<\/div>\n\t\t\t\t<\/div>\n\t\t\t\t\t<\/div>\n\t\t<\/div>\n\t\t\t\t\t<\/div>\n\t\t<\/section>\n\t\t\t\t<\/div>\n\t\t","protected":false},"excerpt":{"rendered":"<p>Kanarya ku\u015flar\u0131 i\u00e7in veteriner hekim ve beslenme uzmanlar\u0131 taraf\u0131ndan \u00f6zenle form\u00fcle edilmi\u015f meyveli kraker<\/p>\n","protected":false},"featured_media":8788,"comment_status":"open","ping_status":"closed","template":"","meta":[],"product_cat":[77,89],"product_tag":[],"class_list":{"0":"post-8787","1":"product","2":"type-product","3":"status-publish","4":"has-post-thumbnail","6":"product_cat-kanarya","7":"product_cat-krakerler-kanarya","8":"pa_marka-goldwings-classic","10":"first","11":"instock","12":"shipping-taxable","13":"product-type-simple"},"_links":{"self":[{"href":"https:\/\/goldwings.com.tr\/index.php\/wp-json\/wp\/v2\/product\/8787"}],"collection":[{"href":"https:\/\/goldwings.com.tr\/index.php\/wp-json\/wp\/v2\/product"}],"about":[{"href":"https:\/\/goldwings.com.tr\/index.php\/wp-json\/wp\/v2\/types\/product"}],"replies":[{"embeddable":true,"href":"https:\/\/goldwings.com.tr\/index.php\/wp-json\/wp\/v2\/comments?post=8787"}],"version-history":[{"count":6,"href":"https:\/\/goldwings.com.tr\/index.php\/wp-json\/wp\/v2\/product\/8787\/revisions"}],"predecessor-version":[{"id":9276,"href":"https:\/\/goldwings.com.tr\/index.php\/wp-json\/wp\/v2\/product\/8787\/revisions\/9276"}],"wp:featuredmedia":[{"embeddable":true,"href":"https:\/\/goldwings.com.tr\/index.php\/wp-json\/wp\/v2\/media\/8788"}],"wp:attachment":[{"href":"https:\/\/goldwings.com.tr\/index.php\/wp-json\/wp\/v2\/media?parent=8787"}],"wp:term":[{"taxonomy":"product_cat","embeddable":true,"href":"https:\/\/goldwings.com.tr\/index.php\/wp-json\/wp\/v2\/product_cat?post=8787"},{"taxonomy":"product_tag","embeddable":true,"href":"https:\/\/goldwings.com.tr\/index.php\/wp-json\/wp\/v2\/product_tag?post=8787"}],"curies":[{"name":"wp","href":"https:\/\/api.w.org\/{rel}","templated":true}]}}